{"id":100,"date":"2012-08-15T21:06:29","date_gmt":"2012-08-16T01:06:29","guid":{"rendered":"http:\/\/www.ingeterm.net\/aespro-cl\/?page_id=5"},"modified":"2012-08-15T21:06:29","modified_gmt":"2012-08-16T01:06:29","slug":"portada","status":"publish","type":"page","link":"https:\/\/aespro.cl\/","title":{"rendered":""},"content":{"rendered":"<p style=\"text-align: justify;\" align=\"center\"><a href=\"https:\/\/aespro.cl\/wp-content\/uploads\/2012\/08\/aespro.jpg\" rel=\"attachment wp-att-84\"><img loading=\"lazy\" class=\" wp-image-84 aligncenter\" src=\"https:\/\/aespro.cl\/wp-content\/uploads\/2012\/08\/aespro-300x229.jpg\" alt=\"aespro\" width=\"588\" height=\"449\" srcset=\"https:\/\/aespro.cl\/wp-content\/uploads\/2012\/08\/aespro-300x229.jpg 300w, https:\/\/aespro.cl\/wp-content\/uploads\/2012\/08\/aespro.jpg 550w\" sizes=\"(max-width: 588px) 100vw, 588px\" \/><\/a>Servimos a las necesidades profesionales analizando datos, para obtener de ellos informaci\u00f3n \u00fatil que beneficie a personas o instituciones del \u00e1mbito cient\u00edfico, empresarial, publico y\/o privado. Para ello, utilizamos\u00a0 las herramientas estad\u00edsticas m\u00e1s potentes.<\/p>\n","protected":false},"excerpt":{"rendered":"<p>Servimos a las necesidades profesionales analizando datos, para obtener de ellos informaci\u00f3n \u00fatil que beneficie a personas o instituciones del \u00e1mbito cient\u00edfico, empresarial, publico y\/o privado. Para ello, utilizamos\u00a0 las herramientas estad\u00edsticas m\u00e1s potentes.<\/p>\n","protected":false},"author":1,"featured_media":84,"parent":0,"menu_order":0,"comment_status":"closed","ping_status":"closed","template":"","meta":[],"_links":{"self":[{"href":"https:\/\/aespro.cl\/index.php?rest_route=\/wp\/v2\/pages\/100"}],"collection":[{"href":"https:\/\/aespro.cl\/index.php?rest_route=\/wp\/v2\/pages"}],"about":[{"href":"https:\/\/aespro.cl\/index.php?rest_route=\/wp\/v2\/types\/page"}],"author":[{"embeddable":true,"href":"https:\/\/aespro.cl\/index.php?rest_route=\/wp\/v2\/users\/1"}],"replies":[{"embeddable":true,"href":"https:\/\/aespro.cl\/index.php?rest_route=%2Fwp%2Fv2%2Fcomments&post=100"}],"version-history":[{"count":0,"href":"https:\/\/aespro.cl\/index.php?rest_route=\/wp\/v2\/pages\/100\/revisions"}],"wp:featuredmedia":[{"embeddable":true,"href":"https:\/\/aespro.cl\/index.php?rest_route=\/wp\/v2\/media\/84"}],"wp:attachment":[{"href":"https:\/\/aespro.cl\/index.php?rest_route=%2Fwp%2Fv2%2Fmedia&parent=100"}],"curies":[{"name":"wp","href":"https:\/\/api.w.org\/{rel}","templated":true}]}}