{"id":107,"date":"2012-08-15T21:50:37","date_gmt":"2012-08-16T01:50:37","guid":{"rendered":"http:\/\/www.ingeterm.net\/aespro-cl\/?page_id=101"},"modified":"2012-08-15T21:50:37","modified_gmt":"2012-08-16T01:50:37","slug":"contactos","status":"publish","type":"page","link":"https:\/\/aespro.cl\/?page_id=107","title":{"rendered":"Contactos"},"content":{"rendered":"<p><strong>Jose Bustos Melo<\/strong><br \/>\nDirector<\/p>\n<p>Av. Del Valle 822 Of. 501 esq. Av. Del Parque<br \/>\nCiudad Empresarial<br \/>\nHuechuraba Santiago &#8211; Chile<\/p>\n<p><a href=\"mailto:jose.bustos@aespro.cl\">jose.bustos@aespro.cl<br \/>\n<\/a>(09) 95939144<\/p>\n<p style=\"text-align: justify;\">Jos\u00e9 Bustos, profesor of Ciencias y Estad\u00edstica en Santiago y Concepci\u00f3n. Recientemente, junto a un equipo de cientificos de la Pontificia Universidad Cat\u00f3lica, ha ganado un proyecto FONIS para estudiar las conductas alimenticias de los ni\u00f1os chilenos.<\/p>\n","protected":false},"excerpt":{"rendered":"<p>Jose Bustos Melo Director Av. Del Valle 822 Of. 501 esq. Av. Del Parque Ciudad Empresarial Huechuraba Santiago &#8211; Chile jose.bustos@aespro.cl (09) 95939144 Jos\u00e9 Bustos, profesor of Ciencias y Estad\u00edstica en Santiago y Concepci\u00f3n. Recientemente, junto a un equipo de &hellip; <a href=\"https:\/\/aespro.cl\/?page_id=107\">Continuar leyendo <span class=\"meta-nav\">&rarr;<\/span><\/a><\/p>\n","protected":false},"author":1,"featured_media":0,"parent":0,"menu_order":0,"comment_status":"closed","ping_status":"closed","template":"","meta":[],"_links":{"self":[{"href":"https:\/\/aespro.cl\/index.php?rest_route=\/wp\/v2\/pages\/107"}],"collection":[{"href":"https:\/\/aespro.cl\/index.php?rest_route=\/wp\/v2\/pages"}],"about":[{"href":"https:\/\/aespro.cl\/index.php?rest_route=\/wp\/v2\/types\/page"}],"author":[{"embeddable":true,"href":"https:\/\/aespro.cl\/index.php?rest_route=\/wp\/v2\/users\/1"}],"replies":[{"embeddable":true,"href":"https:\/\/aespro.cl\/index.php?rest_route=%2Fwp%2Fv2%2Fcomments&post=107"}],"version-history":[{"count":0,"href":"https:\/\/aespro.cl\/index.php?rest_route=\/wp\/v2\/pages\/107\/revisions"}],"wp:attachment":[{"href":"https:\/\/aespro.cl\/index.php?rest_route=%2Fwp%2Fv2%2Fmedia&parent=107"}],"curies":[{"name":"wp","href":"https:\/\/api.w.org\/{rel}","templated":true}]}}