{"id":111,"date":"2012-08-15T21:58:13","date_gmt":"2012-08-16T01:58:13","guid":{"rendered":"http:\/\/www.ingeterm.net\/aespro-cl\/?page_id=111"},"modified":"2012-08-15T21:58:13","modified_gmt":"2012-08-16T01:58:13","slug":"cursos-r","status":"publish","type":"page","link":"https:\/\/aespro.cl\/?page_id=111","title":{"rendered":"Capacitaci\u00f3n"},"content":{"rendered":"<p>R es un lenguaje de programaci\u00f3n estad\u00edstico caracterizado por una alta flexibilidad y caracter\u00edsticas graficas sorprendentes. Es muy beneficioso, pues se trata de un software libre que rompe el paradigma donde el \u00e9nfasis solamente estaba en el paquete estad\u00edstico comercial, con R se tiende a concentrar en la experticia del analista. Muchos centros de investigaci\u00f3n y empresas de todo el mundo han comenzado a inclinarse por sus ventajas comparativas en relaci\u00f3n a\u00a0softwares\u00a0comerciales. Debido a la alta rentabilidad que pueden las empresas obtener, ya que se eliminan los pagos altisimo de las licencias (por ejemplo, el caso de SAS, SPSS, MatLab, etc) y se favorece la capacitaci\u00f3n de los expertos. Lo invitamos a googlear SAS vs. R para encontrar un sin fin de articulos relacionados al tema del costo.<\/p>\n<p>Este\u00a0 nuevo curso introduce al estudiante en la programaci\u00f3n estad\u00edstica, creado bases de datos peque\u00f1as con objetos simples. El proposito final de curso es que el estudiante, luego de este primer &#8220;empujoncito&#8221;, comience a crear objetos y a desarrollar sus propios programas para realizar analisis estadisticos acorde a sus necesidades.<\/p>\n","protected":false},"excerpt":{"rendered":"<p>R es un lenguaje de programaci\u00f3n estad\u00edstico caracterizado por una alta flexibilidad y caracter\u00edsticas graficas sorprendentes. Es muy beneficioso, pues se trata de un software libre que rompe el paradigma donde el \u00e9nfasis solamente estaba en el paquete estad\u00edstico comercial, &hellip; <a href=\"https:\/\/aespro.cl\/?page_id=111\">Continuar leyendo <span class=\"meta-nav\">&rarr;<\/span><\/a><\/p>\n","protected":false},"author":1,"featured_media":0,"parent":0,"menu_order":0,"comment_status":"closed","ping_status":"closed","template":"","meta":[],"_links":{"self":[{"href":"https:\/\/aespro.cl\/index.php?rest_route=\/wp\/v2\/pages\/111"}],"collection":[{"href":"https:\/\/aespro.cl\/index.php?rest_route=\/wp\/v2\/pages"}],"about":[{"href":"https:\/\/aespro.cl\/index.php?rest_route=\/wp\/v2\/types\/page"}],"author":[{"embeddable":true,"href":"https:\/\/aespro.cl\/index.php?rest_route=\/wp\/v2\/users\/1"}],"replies":[{"embeddable":true,"href":"https:\/\/aespro.cl\/index.php?rest_route=%2Fwp%2Fv2%2Fcomments&post=111"}],"version-history":[{"count":0,"href":"https:\/\/aespro.cl\/index.php?rest_route=\/wp\/v2\/pages\/111\/revisions"}],"wp:attachment":[{"href":"https:\/\/aespro.cl\/index.php?rest_route=%2Fwp%2Fv2%2Fmedia&parent=111"}],"curies":[{"name":"wp","href":"https:\/\/api.w.org\/{rel}","templated":true}]}}