{"id":13,"date":"2012-08-15T21:10:47","date_gmt":"2012-08-16T01:10:47","guid":{"rendered":"http:\/\/www.ingeterm.net\/aespro-cl\/?page_id=13"},"modified":"2012-08-15T21:10:47","modified_gmt":"2012-08-16T01:10:47","slug":"servicios-de-capacitacion","status":"publish","type":"page","link":"https:\/\/aespro.cl\/?page_id=13","title":{"rendered":"Servicios de Capacitaci\u00f3n"},"content":{"rendered":"<p><span style=\"color: #800000;\">AESPRO\u00a0<\/span>ofrece servicios de formaci\u00f3n en todas sus \u00e1reas de experiencia y, especialmente, en Bioestad\u00edstica con R<\/p>\n<p>La investigaci\u00f3n en el campo de las ciencias de la salud es cada d\u00eda una especialidad m\u00e1s vinculada a la estad\u00edstica. Adem\u00e1s, requiere cada vez m\u00e9todos m\u00e1s sofisticados y el conocimiento de herramientas m\u00e1s complejas que los profesionales del \u00e1rea necesitan para llevar adelante sus estudios. De ah\u00ed que AESPRO brinde servicios de formaci\u00f3n en este campo.<\/p>\n<p>Desde hace unos a\u00f1os, el paquete estad\u00edstico R est\u00e1 desplazando a SAS y SPSS dentro del \u00e1rea de la bioestad\u00edstica. La flexibilidad y la potencia de R, adem\u00e1s de su coste nulo por su car\u00e1cter de software libre, sobre sus alternativas comerciales est\u00e1n haciendo crecer su uso dentro de empresas, laboratorios e institutos de investigaci\u00f3n. Por eso, AESPRO, ofrece servicios de formaci\u00f3n en R, incluyendo diferentes paquetes espec\u00edficos para profesionales del \u00e1rea de las ciencias de la vida y de la salud.<\/p>\n","protected":false},"excerpt":{"rendered":"<p>AESPRO\u00a0ofrece servicios de formaci\u00f3n en todas sus \u00e1reas de experiencia y, especialmente, en Bioestad\u00edstica con R La investigaci\u00f3n en el campo de las ciencias de la salud es cada d\u00eda una especialidad m\u00e1s vinculada a la estad\u00edstica. Adem\u00e1s, requiere cada &hellip; <a href=\"https:\/\/aespro.cl\/?page_id=13\">Continuar leyendo <span class=\"meta-nav\">&rarr;<\/span><\/a><\/p>\n","protected":false},"author":1,"featured_media":0,"parent":9,"menu_order":0,"comment_status":"closed","ping_status":"closed","template":"","meta":[],"_links":{"self":[{"href":"https:\/\/aespro.cl\/index.php?rest_route=\/wp\/v2\/pages\/13"}],"collection":[{"href":"https:\/\/aespro.cl\/index.php?rest_route=\/wp\/v2\/pages"}],"about":[{"href":"https:\/\/aespro.cl\/index.php?rest_route=\/wp\/v2\/types\/page"}],"author":[{"embeddable":true,"href":"https:\/\/aespro.cl\/index.php?rest_route=\/wp\/v2\/users\/1"}],"replies":[{"embeddable":true,"href":"https:\/\/aespro.cl\/index.php?rest_route=%2Fwp%2Fv2%2Fcomments&post=13"}],"version-history":[{"count":0,"href":"https:\/\/aespro.cl\/index.php?rest_route=\/wp\/v2\/pages\/13\/revisions"}],"up":[{"embeddable":true,"href":"https:\/\/aespro.cl\/index.php?rest_route=\/wp\/v2\/pages\/9"}],"wp:attachment":[{"href":"https:\/\/aespro.cl\/index.php?rest_route=%2Fwp%2Fv2%2Fmedia&parent=13"}],"curies":[{"name":"wp","href":"https:\/\/api.w.org\/{rel}","templated":true}]}}