{"id":19,"date":"2012-08-15T21:13:23","date_gmt":"2012-08-16T01:13:23","guid":{"rendered":"http:\/\/www.ingeterm.net\/aespro-cl\/?page_id=19"},"modified":"2012-08-15T21:13:23","modified_gmt":"2012-08-16T01:13:23","slug":"servicios-de-auditoria-externa","status":"publish","type":"page","link":"https:\/\/aespro.cl\/?page_id=19","title":{"rendered":"Servicios de Auditor\u00eda Externa"},"content":{"rendered":"<p>Empresas e instituciones adquieren software y subcontratan servicios de consultor\u00eda. No se trata de compras compulsivas, sino razonadas, que exigen sopesar muchos aspectos de muy diversa \u00edndole como, por ejemplo, la calidad, la escalabilidad, el retorno de la inversi\u00f3n, la rentabilidad, las licencias, los roadmaps de los distintos proveedores, etc.<\/p>\n<p>Sucede frecuentemente que los responsables de tomar la decisi\u00f3n final carecen de la especializaci\u00f3n necesaria \u2013tampoco tienen por qu\u00e9 tenerla\u2013 y est\u00e1n a expensas de:<\/p>\n<p>\u2022\u00a0\u00a0\u00a0 la acci\u00f3n del personal comercial de los distintos proveedores<br \/>\n\u2022\u00a0\u00a0\u00a0 de los congresos, presentaciones y algunas publicaciones especializadas<br \/>\n\u2022\u00a0\u00a0\u00a0 estudios realizados por diversos proveedores de soluciones, etc.<\/p>\n<p>Generalmente, se tratan de fuentes de informaci\u00f3n parcial, no independiente. De hecho, muchas empresas consultoras tienen contratos de larga duraci\u00f3n con determinados proveedores de productos de software, por lo que no siempre act\u00faan en provecho de su cliente \u00faltimo, es decir, que en su trabajo desarrollan una faceta de prolongaci\u00f3n de la acci\u00f3n comercial de ciertos distribuidores.<\/p>\n<p>El problema se extiende a la evaluaci\u00f3n de soluciones antes de su paso a producci\u00f3n. \u00bfEs lo suficientemente buena? \u00bfSe han realizado las pruebas necesarias? \u00bfQu\u00e9 habr\u00eda que hacer para detectar posibles problemas antes de su implantaci\u00f3n definitiva?<\/p>\n","protected":false},"excerpt":{"rendered":"<p>Empresas e instituciones adquieren software y subcontratan servicios de consultor\u00eda. No se trata de compras compulsivas, sino razonadas, que exigen sopesar muchos aspectos de muy diversa \u00edndole como, por ejemplo, la calidad, la escalabilidad, el retorno de la inversi\u00f3n, la &hellip; <a href=\"https:\/\/aespro.cl\/?page_id=19\">Continuar leyendo <span class=\"meta-nav\">&rarr;<\/span><\/a><\/p>\n","protected":false},"author":1,"featured_media":0,"parent":9,"menu_order":0,"comment_status":"closed","ping_status":"closed","template":"","meta":[],"_links":{"self":[{"href":"https:\/\/aespro.cl\/index.php?rest_route=\/wp\/v2\/pages\/19"}],"collection":[{"href":"https:\/\/aespro.cl\/index.php?rest_route=\/wp\/v2\/pages"}],"about":[{"href":"https:\/\/aespro.cl\/index.php?rest_route=\/wp\/v2\/types\/page"}],"author":[{"embeddable":true,"href":"https:\/\/aespro.cl\/index.php?rest_route=\/wp\/v2\/users\/1"}],"replies":[{"embeddable":true,"href":"https:\/\/aespro.cl\/index.php?rest_route=%2Fwp%2Fv2%2Fcomments&post=19"}],"version-history":[{"count":0,"href":"https:\/\/aespro.cl\/index.php?rest_route=\/wp\/v2\/pages\/19\/revisions"}],"up":[{"embeddable":true,"href":"https:\/\/aespro.cl\/index.php?rest_route=\/wp\/v2\/pages\/9"}],"wp:attachment":[{"href":"https:\/\/aespro.cl\/index.php?rest_route=%2Fwp%2Fv2%2Fmedia&parent=19"}],"curies":[{"name":"wp","href":"https:\/\/api.w.org\/{rel}","templated":true}]}}