{"id":234,"date":"2013-11-06T12:17:19","date_gmt":"2013-11-06T16:17:19","guid":{"rendered":"http:\/\/www.aespro.cl\/?page_id=234"},"modified":"2013-11-06T12:17:19","modified_gmt":"2013-11-06T16:17:19","slug":"estudio-de-prevencion-obesidad-fonis","status":"publish","type":"page","link":"https:\/\/aespro.cl\/?page_id=234","title":{"rendered":"PUC-FONIS"},"content":{"rendered":"<p style=\"text-align: justify;\"><a href=\"https:\/\/aespro.cl\/wp-content\/uploads\/2013\/11\/logo-conicyt.png\"><img loading=\"lazy\" class=\"size-full wp-image-347 alignleft\" alt=\"logo-conicyt\" src=\"https:\/\/aespro.cl\/wp-content\/uploads\/2013\/11\/logo-conicyt.png\" width=\"172\" height=\"156\" \/><\/a>Resultados del proyecto \u201cPrevenci\u00f3n del sobrepeso y de la obesidad en escolares chilenos: Apuesta a la capacidad emprendedora de los ni\u00f1os\u201d (FONIS SA10I20016)\u00a0 en respuesta a la interrogante: \u00bfEs posible contribuir al cambio de conductas asociadas a sobrepeso y obesidad a trav\u00e9s de una intervenci\u00f3n dise\u00f1ada para este fin?<\/p>\n<p style=\"text-align: justify;\">Estudio cuasi experimental en\u00a0 ni\u00f1os\/as de 5\u00ba y 6\u00ba a\u00f1o b\u00e1sico de colegios municipalizados, comuna La Pintana, Regi\u00f3n Metropolitana, Chile.\u00a0 Previa obtenci\u00f3n de consentimiento informado, se seleccionaron mediante muestreo aleatorio por conglomerado 6 colegios para grupo estudio n=442 y 6 colegios para grupo control n=328. La intervenci\u00f3n, con apoyo de software en p\u00e1gina Web, se realiz\u00f3 en funci\u00f3n del auto diagn\u00f3stico de conductas\u00a0 asociadas a la alimentaci\u00f3n, identificadas con el instrumento Moore Index Nutrition-Child (MIN-C\u00a9). El an\u00e1lisis de resultados utiliz\u00f3 pruebas param\u00e9tricas con software R 2012.<\/p>\n<p style=\"text-align: justify;\">Existe efecto positivo del n\u00famero de ingresos al sitio web sobre las conductas observadas en el post test comparadas con las del pretest en el grupo intervenido.<\/p>\n<p style=\"text-align: justify;\">El efecto de la intervenci\u00f3n fue estad\u00edsticamente significativo para las conductas estudiadas, en los ni\u00f1os\/as que utilizaron el software 8 y m\u00e1s veces. Obteniendo un software valido en contribuir al cambio positivo de las conductas alimenticias.<\/p>\n<p style=\"text-align: justify;\"><a title=\"Articulo PUC\" href=\"https:\/\/www.dropbox.com\/s\/7g7fc7tkxjnq0bd\/paper1.pdf\" target=\"_blank\" rel=\"noopener noreferrer\">Descarga informe final.<\/a><\/p>\n<p>&nbsp;<\/p>\n","protected":false},"excerpt":{"rendered":"<p>Resultados del proyecto \u201cPrevenci\u00f3n del sobrepeso y de la obesidad en escolares chilenos: Apuesta a la capacidad emprendedora de los ni\u00f1os\u201d (FONIS SA10I20016)\u00a0 en respuesta a la interrogante: \u00bfEs posible contribuir al cambio de conductas asociadas a sobrepeso y obesidad &hellip; <a href=\"https:\/\/aespro.cl\/?page_id=234\">Continuar leyendo <span class=\"meta-nav\">&rarr;<\/span><\/a><\/p>\n","protected":false},"author":1,"featured_media":0,"parent":87,"menu_order":0,"comment_status":"open","ping_status":"open","template":"","meta":[],"_links":{"self":[{"href":"https:\/\/aespro.cl\/index.php?rest_route=\/wp\/v2\/pages\/234"}],"collection":[{"href":"https:\/\/aespro.cl\/index.php?rest_route=\/wp\/v2\/pages"}],"about":[{"href":"https:\/\/aespro.cl\/index.php?rest_route=\/wp\/v2\/types\/page"}],"author":[{"embeddable":true,"href":"https:\/\/aespro.cl\/index.php?rest_route=\/wp\/v2\/users\/1"}],"replies":[{"embeddable":true,"href":"https:\/\/aespro.cl\/index.php?rest_route=%2Fwp%2Fv2%2Fcomments&post=234"}],"version-history":[{"count":0,"href":"https:\/\/aespro.cl\/index.php?rest_route=\/wp\/v2\/pages\/234\/revisions"}],"up":[{"embeddable":true,"href":"https:\/\/aespro.cl\/index.php?rest_route=\/wp\/v2\/pages\/87"}],"wp:attachment":[{"href":"https:\/\/aespro.cl\/index.php?rest_route=%2Fwp%2Fv2%2Fmedia&parent=234"}],"curies":[{"name":"wp","href":"https:\/\/api.w.org\/{rel}","templated":true}]}}