{"id":394,"date":"2014-07-02T13:25:06","date_gmt":"2014-07-02T17:25:06","guid":{"rendered":"http:\/\/www.aespro.cl\/?page_id=394"},"modified":"2014-07-02T13:25:06","modified_gmt":"2014-07-02T17:25:06","slug":"visualizacion","status":"publish","type":"page","link":"https:\/\/aespro.cl\/?page_id=394","title":{"rendered":"Visualizaci\u00f3n con ggvis."},"content":{"rendered":"<p>La primera publicaci\u00f3n de <a href=\"http:\/\/ggvis.rstudio.com\/\" target=\"_blank\" rel=\"noopener noreferrer\">ggvis<\/a>, version 0.3, esta disponible desde el CRAN. \u00bfQu\u00e9 es ggvis? Es un nuevo paqueta para la visualizacion de de datos. Como ggplot2, este esta construido bajo los conceptos de gramatica para gr\u00e1ficas, pero tambien agrega interactividad, una nueva forma de visualizacion de laevolucion de datos y es posible agregarla a un web browser. Este programa es muy util para compa\u00f1ias que deseen mostrar a sus usuarios evolucion y cambios de variables. El objetivo es hacer una interface flexible, de este modo es posible componer nuevos tipos de visualizaciones, pero simples, para que sea accesible a todos los usuarios de R o clientes de AESPRO.<\/p>\n<p><strong>La Actualizacion:<\/strong> tuvo un problema que faect\u00f3 la interactividade de los graficos en la versi\u00f3n 0.3. La Version\u00a00.3.0.1 arregla ese problema. El paquete actualizado ahora esta disponnible en CRAN, y Windows y Mac paquetes binarios estar\u00e1n disponibles prontamente.<\/p>\n<p style=\"text-align: center;\"><img loading=\"lazy\" class=\"aligncenter\" alt=\"ggvis_movies\" src=\"http:\/\/rstudioblog.files.wordpress.com\/2014\/06\/ggvis_movies.gif?w=300&amp;h=264\" width=\"397\" height=\"349\" \/><\/p>\n<p>ggvis esta integrado con Shiny, es posible usar gr\u00e1ficas dinamica e interactivas en aplicaciones de Shiny. Esperamos que la combinaci\u00f3n de ggvis y Shiny haga facil la creacion de aplicaciones para la exploraci\u00f3n de datos. Los gr\u00e1ficos de ggvis son inherentemente reactivos y pueden ser utilizados en los web browser, asi es posible sacar ventajas de las capacidades de las nuevas capacidades de los modernos web browsers. Es posible usar la interactividad de Shiny como una forma m\u00e1s directa de interactividad con los gr\u00e1ficos, como ajustar ejes, destacar una variable, etc.<\/p>\n<p>ggvis funciona compatiblemente a <a href=\"http:\/\/blog.rstudio.org\/2014\/06\/18\/r-markdown-v2\/\">R Markdown v2<\/a> y con\u00a0 <a href=\"http:\/\/blog.rstudio.org\/2014\/06\/19\/interactive-documents-an-incredibly-easy-way-to-use-shiny\/\">interactive documents<\/a>, lo que hace mas facil de agregar gr\u00e1ficos a los documentos R Markdown:<\/p>\n<p><img loading=\"lazy\" alt=\"shiny-doc-ggvis\" src=\"http:\/\/rstudioblog.files.wordpress.com\/2014\/06\/shiny-doc-ggvis1.png?w=205&amp;h=300\" width=\"205\" height=\"300\" \/>\u00a0 <img alt=\"ggvis_density\" src=\"http:\/\/rstudioblog.files.wordpress.com\/2014\/06\/ggvis_density.gif?w=267&amp;h=300\" \/><\/p>\n<p>And don\u2019t worry \u2014 ggvis isn\u2019t only meant to be used with Shiny and interactive documents. Because the RStudio IDE is also a web browser, ggvis plots can display in the IDE, like any other R graphics:<\/p>\n<p style=\"text-align: center;\"><a href=\"http:\/\/rstudioblog.files.wordpress.com\/2014\/06\/ggvis-screenshot.png\"><img loading=\"lazy\" class=\"aligncenter\" id=\"i-1400\" alt=\"ggvis in RStudio IDE\" src=\"http:\/\/rstudioblog.files.wordpress.com\/2014\/06\/ggvis-screenshot.png?w=504\" width=\"504\" height=\"280\" \/><\/a><\/p>\n<p>Hay muchas m\u00e1s opciones con ggvis. Para aprender mas, visite el <a href=\"http:\/\/ggvis.rstudio.com\/\" target=\"_blank\" rel=\"noopener noreferrer\">ggvis website<\/a>.<\/p>\n<p>Dedemos estar concientes que ggvis aun es joven, y necesita aun importante nuemro de caracteristicas de ggplot2. Pero se esta trabajando duro en ggvis y se espera que muchas mejoras puedan ser alcanzadas los meses siguientes.<\/p>\n","protected":false},"excerpt":{"rendered":"<p>La primera publicaci\u00f3n de ggvis, version 0.3, esta disponible desde el CRAN. \u00bfQu\u00e9 es ggvis? Es un nuevo paqueta para la visualizacion de de datos. Como ggplot2, este esta construido bajo los conceptos de gramatica para gr\u00e1ficas, pero tambien agrega &hellip; <a href=\"https:\/\/aespro.cl\/?page_id=394\">Continuar leyendo <span class=\"meta-nav\">&rarr;<\/span><\/a><\/p>\n","protected":false},"author":1,"featured_media":0,"parent":0,"menu_order":0,"comment_status":"open","ping_status":"open","template":"","meta":[],"_links":{"self":[{"href":"https:\/\/aespro.cl\/index.php?rest_route=\/wp\/v2\/pages\/394"}],"collection":[{"href":"https:\/\/aespro.cl\/index.php?rest_route=\/wp\/v2\/pages"}],"about":[{"href":"https:\/\/aespro.cl\/index.php?rest_route=\/wp\/v2\/types\/page"}],"author":[{"embeddable":true,"href":"https:\/\/aespro.cl\/index.php?rest_route=\/wp\/v2\/users\/1"}],"replies":[{"embeddable":true,"href":"https:\/\/aespro.cl\/index.php?rest_route=%2Fwp%2Fv2%2Fcomments&post=394"}],"version-history":[{"count":0,"href":"https:\/\/aespro.cl\/index.php?rest_route=\/wp\/v2\/pages\/394\/revisions"}],"wp:attachment":[{"href":"https:\/\/aespro.cl\/index.php?rest_route=%2Fwp%2Fv2%2Fmedia&parent=394"}],"curies":[{"name":"wp","href":"https:\/\/api.w.org\/{rel}","templated":true}]}}