{"id":47,"date":"2012-08-15T21:25:33","date_gmt":"2012-08-16T01:25:33","guid":{"rendered":"http:\/\/www.ingeterm.net\/aespro-cl\/?page_id=47"},"modified":"2012-08-15T21:25:33","modified_gmt":"2012-08-16T01:25:33","slug":"estadistica-descriptiva","status":"publish","type":"page","link":"https:\/\/aespro.cl\/?page_id=47","title":{"rendered":"Estad\u00edstica Descriptiva"},"content":{"rendered":"<p style=\"text-align: justify;\">El resumen de una variable en una poblaci\u00f3n puede ser descrita mediante diferentes t\u00e9cnicas, el uso de tablas o de gr\u00e1ficos es el medio m\u00e1s efectivo, dependiendo del formato de difusi\u00f3n de la informaci\u00f3n. Muchas revistas y medios de comunicaci\u00f3n prefieren utlizar medios visuales; mientras que \u00e1rticulos cient\u00edficos usan m\u00e1s frecuentemente tablas. Es posible encontrar una amplia variedad de gr\u00e1ficos para el despliegue de informaci\u00f3n, pero siempre en funci\u00f3n del tipo de variable utlizada. Histogramas, diagramas de barras, diagramas de torta, cajas, son los m\u00e1s corrientes, pero tambi\u00e9n es posible el uso de gr\u00e1ficos avanzados como biplots, perfiles, etc.<\/p>\n<p>Un ejemplo de resumen de informaci\u00f3n es el siguiente:<\/p>\n<p><a href=\"https:\/\/aespro.cl\/wp-content\/uploads\/2012\/08\/boxplots.png\"><img loading=\"lazy\" class=\"alignnone size-full wp-image-49\" title=\"boxplots\" alt=\"\" src=\"https:\/\/aespro.cl\/wp-content\/uploads\/2012\/08\/boxplots.png\" width=\"689\" height=\"689\" srcset=\"https:\/\/aespro.cl\/wp-content\/uploads\/2012\/08\/boxplots.png 689w, https:\/\/aespro.cl\/wp-content\/uploads\/2012\/08\/boxplots-300x300.png 300w, https:\/\/aespro.cl\/wp-content\/uploads\/2012\/08\/boxplots-150x150.png 150w\" sizes=\"(max-width: 689px) 100vw, 689px\" \/><\/a><\/p>\n<p><a href=\"https:\/\/aespro.cl\/wp-content\/uploads\/2012\/08\/histogram3.jpg\"><img loading=\"lazy\" class=\"alignnone size-full wp-image-52\" title=\"histogram3\" alt=\"\" src=\"https:\/\/aespro.cl\/wp-content\/uploads\/2012\/08\/histogram3.jpg\" width=\"689\" height=\"689\" srcset=\"https:\/\/aespro.cl\/wp-content\/uploads\/2012\/08\/histogram3.jpg 689w, https:\/\/aespro.cl\/wp-content\/uploads\/2012\/08\/histogram3-300x300.jpg 300w, https:\/\/aespro.cl\/wp-content\/uploads\/2012\/08\/histogram3-150x150.jpg 150w\" sizes=\"(max-width: 689px) 100vw, 689px\" \/><\/a><\/p>\n<p><a href=\"https:\/\/aespro.cl\/wp-content\/uploads\/2012\/08\/density1.jpg\"><img loading=\"lazy\" class=\"alignnone size-full wp-image-50\" title=\"density1\" alt=\"\" src=\"https:\/\/aespro.cl\/wp-content\/uploads\/2012\/08\/density1.jpg\" width=\"689\" height=\"689\" srcset=\"https:\/\/aespro.cl\/wp-content\/uploads\/2012\/08\/density1.jpg 689w, https:\/\/aespro.cl\/wp-content\/uploads\/2012\/08\/density1-300x300.jpg 300w, https:\/\/aespro.cl\/wp-content\/uploads\/2012\/08\/density1-150x150.jpg 150w\" sizes=\"(max-width: 689px) 100vw, 689px\" \/><\/a><\/p>\n<p><a href=\"https:\/\/aespro.cl\/wp-content\/uploads\/2012\/08\/density3.png\"><img loading=\"lazy\" class=\"alignnone size-full wp-image-51\" title=\"density3\" alt=\"\" src=\"https:\/\/aespro.cl\/wp-content\/uploads\/2012\/08\/density3.png\" width=\"689\" height=\"689\" srcset=\"https:\/\/aespro.cl\/wp-content\/uploads\/2012\/08\/density3.png 689w, https:\/\/aespro.cl\/wp-content\/uploads\/2012\/08\/density3-300x300.png 300w, https:\/\/aespro.cl\/wp-content\/uploads\/2012\/08\/density3-150x150.png 150w\" sizes=\"(max-width: 689px) 100vw, 689px\" \/><\/a><\/p>\n","protected":false},"excerpt":{"rendered":"<p>El resumen de una variable en una poblaci\u00f3n puede ser descrita mediante diferentes t\u00e9cnicas, el uso de tablas o de gr\u00e1ficos es el medio m\u00e1s efectivo, dependiendo del formato de difusi\u00f3n de la informaci\u00f3n. Muchas revistas y medios de comunicaci\u00f3n &hellip; <a href=\"https:\/\/aespro.cl\/?page_id=47\">Continuar leyendo <span class=\"meta-nav\">&rarr;<\/span><\/a><\/p>\n","protected":false},"author":1,"featured_media":0,"parent":0,"menu_order":0,"comment_status":"closed","ping_status":"closed","template":"","meta":[],"_links":{"self":[{"href":"https:\/\/aespro.cl\/index.php?rest_route=\/wp\/v2\/pages\/47"}],"collection":[{"href":"https:\/\/aespro.cl\/index.php?rest_route=\/wp\/v2\/pages"}],"about":[{"href":"https:\/\/aespro.cl\/index.php?rest_route=\/wp\/v2\/types\/page"}],"author":[{"embeddable":true,"href":"https:\/\/aespro.cl\/index.php?rest_route=\/wp\/v2\/users\/1"}],"replies":[{"embeddable":true,"href":"https:\/\/aespro.cl\/index.php?rest_route=%2Fwp%2Fv2%2Fcomments&post=47"}],"version-history":[{"count":0,"href":"https:\/\/aespro.cl\/index.php?rest_route=\/wp\/v2\/pages\/47\/revisions"}],"wp:attachment":[{"href":"https:\/\/aespro.cl\/index.php?rest_route=%2Fwp%2Fv2%2Fmedia&parent=47"}],"curies":[{"name":"wp","href":"https:\/\/api.w.org\/{rel}","templated":true}]}}