{"id":55,"date":"2012-08-15T21:28:59","date_gmt":"2012-08-16T01:28:59","guid":{"rendered":"http:\/\/www.ingeterm.net\/aespro-cl\/?page_id=55"},"modified":"2012-08-15T21:28:59","modified_gmt":"2012-08-16T01:28:59","slug":"analisis-geostadistico-espacial","status":"publish","type":"page","link":"https:\/\/aespro.cl\/?page_id=55","title":{"rendered":"Analisis Geostad\u00edstico (Espacial)"},"content":{"rendered":"<p style=\"text-align: justify;\">En an\u00e1lisis de datos espaciales comprende t\u00e9cnicas muy utiles para identificar como una variable esta distribuida y ayudan determinar su probabilidad. \u00a0Estas t\u00e9cnicas son ampliamente ut\u00edlizadas en la mineria o en ciencias ambientales. Por ejemplo, para determinar el radio de distribuci\u00f3n de un t\u00f3xico en el ambiente, servicios de protecci\u00f3n de la salud deber\u00edan usar estas t\u00e9cnicas por ejemplo cuando ocurre un accidente y mantener informada a la poblacion, pero no se conoce el radio de dispersion del agente contaminante solo su probabilidad.<\/p>\n<p style=\"text-align: justify;\">El siguiente es un ejemplo de aplicaci\u00f3n de la distribuci\u00f3n de una variable en el espacio. En este caso, la concetraci\u00f3n del Cobalto, modelada usando la tecnica de kriging.<div id='gallery-1' class='gallery galleryid-55 gallery-columns-3 gallery-size-thumbnail'><dl class='gallery-item'>\n\t\t\t<dt class='gallery-icon landscape'>\n\t\t\t\t<a href='https:\/\/aespro.cl\/?attachment_id=243'><img width=\"150\" height=\"150\" src=\"https:\/\/aespro.cl\/wp-content\/uploads\/2012\/08\/Simulations_of_zinc_using_regression-kriging_model1-150x150.png\" class=\"attachment-thumbnail size-thumbnail\" alt=\"Similaci\u00f3n Kriging\" loading=\"lazy\" \/><\/a>\n\t\t\t<\/dt><\/dl><dl class='gallery-item'>\n\t\t\t<dt class='gallery-icon landscape'>\n\t\t\t\t<a href='https:\/\/aespro.cl\/?attachment_id=246'><img width=\"150\" height=\"150\" src=\"https:\/\/aespro.cl\/wp-content\/uploads\/2012\/08\/02_IDW1-150x150.jpg\" class=\"attachment-thumbnail size-thumbnail\" alt=\"\" loading=\"lazy\" \/><\/a>\n\t\t\t<\/dt><\/dl>\n\t\t\t<br style='clear: both' \/>\n\t\t<\/div>\n<\/p>\n","protected":false},"excerpt":{"rendered":"<p>En an\u00e1lisis de datos espaciales comprende t\u00e9cnicas muy utiles para identificar como una variable esta distribuida y ayudan determinar su probabilidad. \u00a0Estas t\u00e9cnicas son ampliamente ut\u00edlizadas en la mineria o en ciencias ambientales. Por ejemplo, para determinar el radio de &hellip; <a href=\"https:\/\/aespro.cl\/?page_id=55\">Continuar leyendo <span class=\"meta-nav\">&rarr;<\/span><\/a><\/p>\n","protected":false},"author":1,"featured_media":0,"parent":0,"menu_order":0,"comment_status":"closed","ping_status":"closed","template":"","meta":[],"_links":{"self":[{"href":"https:\/\/aespro.cl\/index.php?rest_route=\/wp\/v2\/pages\/55"}],"collection":[{"href":"https:\/\/aespro.cl\/index.php?rest_route=\/wp\/v2\/pages"}],"about":[{"href":"https:\/\/aespro.cl\/index.php?rest_route=\/wp\/v2\/types\/page"}],"author":[{"embeddable":true,"href":"https:\/\/aespro.cl\/index.php?rest_route=\/wp\/v2\/users\/1"}],"replies":[{"embeddable":true,"href":"https:\/\/aespro.cl\/index.php?rest_route=%2Fwp%2Fv2%2Fcomments&post=55"}],"version-history":[{"count":0,"href":"https:\/\/aespro.cl\/index.php?rest_route=\/wp\/v2\/pages\/55\/revisions"}],"wp:attachment":[{"href":"https:\/\/aespro.cl\/index.php?rest_route=%2Fwp%2Fv2%2Fmedia&parent=55"}],"curies":[{"name":"wp","href":"https:\/\/api.w.org\/{rel}","templated":true}]}}