{"id":57,"date":"2012-08-15T21:29:28","date_gmt":"2012-08-16T01:29:28","guid":{"rendered":"http:\/\/www.ingeterm.net\/aespro-cl\/?page_id=57"},"modified":"2012-08-15T21:29:28","modified_gmt":"2012-08-16T01:29:28","slug":"series-de-tiempo","status":"publish","type":"page","link":"https:\/\/aespro.cl\/?page_id=57","title":{"rendered":"Series de tiempo"},"content":{"rendered":"<p>Estos analisis se utilizan cuando existe una variable que var\u00eda en funci\u00f3n del tiempo, muchos de esos an\u00e1lisis han sido desarrollados ampliamente en diciplinas como le econometr\u00eda para determinar la evoluci\u00f3n de una variable econ\u00f3mica, pero su aplicaci\u00f3n es amplia en un sin n\u00famero de actividades. Las ciencias ambientales registran variables relacionadas a la contaminaci\u00f3n (e.g. material particulado) para determinar y predecir eventuales situaciones de riesgo. Otras ciencias registran la temperatura, la abundancia, la concentraci\u00f3n de alg\u00fan gas, etc. Incluso hoy en dia, las marcas dejadas por los visitantes a sitios web. Todas esta aplicaciones son analizadas utilizando herramientas provenientes del mundo de las series de tiempo.<\/p>\n<p>Las aplicaciones de los an\u00e1lisis de series temporales es muy amplia, tanto en el modelamiento, como en la prediccion de variables y su relaci\u00f3n entre ellas. Los modelos, ARMA, ARIMA, ARIMAX, son los m\u00e1s comunes, pero tambien existe una amplia gama de posibllidades que ayudan a indentificar modelos. Cuando no es posible en muchos casos un modelamiento bajo las condiciones param\u00e9tricas, es necesario el modelamiento utilizando m\u00f3delos no param\u00e9trico, \u00a0para as\u00ed lograr predecir la variable de inter\u00e9s. Un ejemplo es el modelo Holt-Winters apliamente usado para predecir series de tiempo cortas.<\/p>\n<p><a href=\"https:\/\/aespro.cl\/wp-content\/uploads\/2012\/08\/prediccion.png\"><img loading=\"lazy\" class=\"alignnone size-full wp-image-59\" title=\"prediccion\" src=\"https:\/\/aespro.cl\/wp-content\/uploads\/2012\/08\/prediccion.png\" alt=\"\" width=\"458\" height=\"417\" srcset=\"https:\/\/aespro.cl\/wp-content\/uploads\/2012\/08\/prediccion.png 458w, https:\/\/aespro.cl\/wp-content\/uploads\/2012\/08\/prediccion-300x273.png 300w\" sizes=\"(max-width: 458px) 100vw, 458px\" \/><\/a><\/p>\n","protected":false},"excerpt":{"rendered":"<p>Estos analisis se utilizan cuando existe una variable que var\u00eda en funci\u00f3n del tiempo, muchos de esos an\u00e1lisis han sido desarrollados ampliamente en diciplinas como le econometr\u00eda para determinar la evoluci\u00f3n de una variable econ\u00f3mica, pero su aplicaci\u00f3n es amplia &hellip; <a href=\"https:\/\/aespro.cl\/?page_id=57\">Continuar leyendo <span class=\"meta-nav\">&rarr;<\/span><\/a><\/p>\n","protected":false},"author":1,"featured_media":0,"parent":0,"menu_order":0,"comment_status":"closed","ping_status":"closed","template":"","meta":[],"_links":{"self":[{"href":"https:\/\/aespro.cl\/index.php?rest_route=\/wp\/v2\/pages\/57"}],"collection":[{"href":"https:\/\/aespro.cl\/index.php?rest_route=\/wp\/v2\/pages"}],"about":[{"href":"https:\/\/aespro.cl\/index.php?rest_route=\/wp\/v2\/types\/page"}],"author":[{"embeddable":true,"href":"https:\/\/aespro.cl\/index.php?rest_route=\/wp\/v2\/users\/1"}],"replies":[{"embeddable":true,"href":"https:\/\/aespro.cl\/index.php?rest_route=%2Fwp%2Fv2%2Fcomments&post=57"}],"version-history":[{"count":0,"href":"https:\/\/aespro.cl\/index.php?rest_route=\/wp\/v2\/pages\/57\/revisions"}],"wp:attachment":[{"href":"https:\/\/aespro.cl\/index.php?rest_route=%2Fwp%2Fv2%2Fmedia&parent=57"}],"curies":[{"name":"wp","href":"https:\/\/api.w.org\/{rel}","templated":true}]}}