{"id":64,"date":"2012-08-15T21:31:48","date_gmt":"2012-08-16T01:31:48","guid":{"rendered":"http:\/\/www.ingeterm.net\/aespro-cl\/?page_id=64"},"modified":"2012-08-15T21:31:48","modified_gmt":"2012-08-16T01:31:48","slug":"analisi-multivariado","status":"publish","type":"page","link":"https:\/\/aespro.cl\/?page_id=64","title":{"rendered":"An\u00e1lisis Multivariado"},"content":{"rendered":"<p style=\"text-align: justify;\">La reducci\u00f3n de variables desde un set grande de variables es una de las herramientas m\u00e1s necesarias para los investigadores que necesitan encontrar patrones entre poblac\u00edones. Herramientas multivariadas como\u00a0<strong>An\u00e1lisis de Componentes Principales<\/strong>,\u00a0<strong>Biplots<\/strong>,<strong>\u00a0An\u00e1lisis de Correspondencia<\/strong>,\u00a0<strong>An\u00e1lisis de Correspondencia Canonica<\/strong>,\u00a0<strong>An\u00e1lisis Factoriales<\/strong>, etc. Todos son claves al momento de entender patrones.<\/p>\n<p>Un ejemplo visual de un\u00a0<strong>biplot animado<\/strong>\u00a0es el siguiente:<\/p>\n<p><a href=\"https:\/\/aespro.cl\/wp-content\/uploads\/2012\/08\/animated.gif\"><img loading=\"lazy\" class=\"size-full wp-image-66 aligncenter\" title=\"animated\" alt=\"\" src=\"https:\/\/aespro.cl\/wp-content\/uploads\/2012\/08\/animated.gif\" width=\"800\" height=\"800\" \/><\/a><\/p>\n<p><a href=\"https:\/\/aespro.cl\/wp-content\/uploads\/2012\/08\/cluster.jpg\"><img loading=\"lazy\" class=\"size-full wp-image-67 aligncenter\" title=\"cluster\" alt=\"\" src=\"https:\/\/aespro.cl\/wp-content\/uploads\/2012\/08\/cluster.jpg\" width=\"448\" height=\"539\" srcset=\"https:\/\/aespro.cl\/wp-content\/uploads\/2012\/08\/cluster.jpg 282w, https:\/\/aespro.cl\/wp-content\/uploads\/2012\/08\/cluster-249x300.jpg 249w\" sizes=\"(max-width: 448px) 100vw, 448px\" \/><\/a><\/p>\n","protected":false},"excerpt":{"rendered":"<p>La reducci\u00f3n de variables desde un set grande de variables es una de las herramientas m\u00e1s necesarias para los investigadores que necesitan encontrar patrones entre poblac\u00edones. Herramientas multivariadas como\u00a0An\u00e1lisis de Componentes Principales,\u00a0Biplots,\u00a0An\u00e1lisis de Correspondencia,\u00a0An\u00e1lisis de Correspondencia Canonica,\u00a0An\u00e1lisis Factoriales, etc. Todos &hellip; <a href=\"https:\/\/aespro.cl\/?page_id=64\">Continuar leyendo <span class=\"meta-nav\">&rarr;<\/span><\/a><\/p>\n","protected":false},"author":1,"featured_media":0,"parent":0,"menu_order":0,"comment_status":"closed","ping_status":"closed","template":"","meta":[],"_links":{"self":[{"href":"https:\/\/aespro.cl\/index.php?rest_route=\/wp\/v2\/pages\/64"}],"collection":[{"href":"https:\/\/aespro.cl\/index.php?rest_route=\/wp\/v2\/pages"}],"about":[{"href":"https:\/\/aespro.cl\/index.php?rest_route=\/wp\/v2\/types\/page"}],"author":[{"embeddable":true,"href":"https:\/\/aespro.cl\/index.php?rest_route=\/wp\/v2\/users\/1"}],"replies":[{"embeddable":true,"href":"https:\/\/aespro.cl\/index.php?rest_route=%2Fwp%2Fv2%2Fcomments&post=64"}],"version-history":[{"count":0,"href":"https:\/\/aespro.cl\/index.php?rest_route=\/wp\/v2\/pages\/64\/revisions"}],"wp:attachment":[{"href":"https:\/\/aespro.cl\/index.php?rest_route=%2Fwp%2Fv2%2Fmedia&parent=64"}],"curies":[{"name":"wp","href":"https:\/\/api.w.org\/{rel}","templated":true}]}}