{"id":70,"date":"2012-08-15T21:34:10","date_gmt":"2012-08-16T01:34:10","guid":{"rendered":"http:\/\/www.ingeterm.net\/aespro-cl\/?page_id=70"},"modified":"2012-08-15T21:34:10","modified_gmt":"2012-08-16T01:34:10","slug":"analisis-de-confiabilidad-sobrevida","status":"publish","type":"page","link":"https:\/\/aespro.cl\/?page_id=70","title":{"rendered":"An\u00e1lisis de Confiabilidad (Sobrevida)"},"content":{"rendered":"<p style=\"text-align: justify;\">Estos an\u00e1lisis tienen una amplia aplicaci\u00f3n en la industria y en la salud p\u00fablica. En la industria, ayudan a las empresas a tomar decisiones, principalmente para estimar el tiempo de duraci\u00f3n de una maquina o de un respuesto. En la salud p\u00fablica, permiten determinar cuales tratamientos son m\u00e1s efectivos sobre una determinada enfermedad, para as\u00ed alargar la vida de los pacientes. Tambien, es importante el uso que tienen en la industria financiera, ya que mediante estos modelos es posible determinar la probabilidad o riesgo que un cliente puede presentar al momento de tomar un cr\u00e9dito. Por otro lado, mediante estos modelos es posible estimar el tiempo residual medio (o mediano) que una persona (o maquina) tiene para dejar de vivir.<\/p>\n<p>Una gr\u00e1fica que muestra esa probailidad es la siguiente:<\/p>\n<p><a href=\"https:\/\/aespro.cl\/wp-content\/uploads\/2012\/08\/sobrevida.jpg\"><img loading=\"lazy\" class=\"wp-image-72 aligncenter\" title=\"sobrevida\" src=\"https:\/\/aespro.cl\/wp-content\/uploads\/2012\/08\/sobrevida.jpg\" alt=\"\" width=\"592\" height=\"548\" srcset=\"https:\/\/aespro.cl\/wp-content\/uploads\/2012\/08\/sobrevida.jpg 592w, https:\/\/aespro.cl\/wp-content\/uploads\/2012\/08\/sobrevida-300x278.jpg 300w\" sizes=\"(max-width: 592px) 100vw, 592px\" \/><\/a><\/p>\n<p><a href=\"https:\/\/aespro.cl\/wp-content\/uploads\/2012\/08\/sobrevida1.gif\"><img loading=\"lazy\" class=\"size-full wp-image-73 aligncenter\" title=\"sobrevida1\" src=\"https:\/\/aespro.cl\/wp-content\/uploads\/2012\/08\/sobrevida1.gif\" alt=\"\" width=\"441\" height=\"324\" \/><\/a><\/p>\n","protected":false},"excerpt":{"rendered":"<p>Estos an\u00e1lisis tienen una amplia aplicaci\u00f3n en la industria y en la salud p\u00fablica. En la industria, ayudan a las empresas a tomar decisiones, principalmente para estimar el tiempo de duraci\u00f3n de una maquina o de un respuesto. En la &hellip; <a href=\"https:\/\/aespro.cl\/?page_id=70\">Continuar leyendo <span class=\"meta-nav\">&rarr;<\/span><\/a><\/p>\n","protected":false},"author":1,"featured_media":0,"parent":0,"menu_order":0,"comment_status":"closed","ping_status":"closed","template":"","meta":[],"_links":{"self":[{"href":"https:\/\/aespro.cl\/index.php?rest_route=\/wp\/v2\/pages\/70"}],"collection":[{"href":"https:\/\/aespro.cl\/index.php?rest_route=\/wp\/v2\/pages"}],"about":[{"href":"https:\/\/aespro.cl\/index.php?rest_route=\/wp\/v2\/types\/page"}],"author":[{"embeddable":true,"href":"https:\/\/aespro.cl\/index.php?rest_route=\/wp\/v2\/users\/1"}],"replies":[{"embeddable":true,"href":"https:\/\/aespro.cl\/index.php?rest_route=%2Fwp%2Fv2%2Fcomments&post=70"}],"version-history":[{"count":0,"href":"https:\/\/aespro.cl\/index.php?rest_route=\/wp\/v2\/pages\/70\/revisions"}],"wp:attachment":[{"href":"https:\/\/aespro.cl\/index.php?rest_route=%2Fwp%2Fv2%2Fmedia&parent=70"}],"curies":[{"name":"wp","href":"https:\/\/api.w.org\/{rel}","templated":true}]}}