{"id":9,"date":"2012-08-15T21:08:20","date_gmt":"2012-08-16T01:08:20","guid":{"rendered":"http:\/\/www.ingeterm.net\/aespro-cl\/?page_id=9"},"modified":"2012-08-15T21:08:20","modified_gmt":"2012-08-16T01:08:20","slug":"servicios-estadisticos","status":"publish","type":"page","link":"https:\/\/aespro.cl\/?page_id=9","title":{"rendered":"Servicios Profesionales"},"content":{"rendered":"<p>Los servicios que ofrece\u00a0<span style=\"color: #800000;\">AESPRO\u00a0<\/span>se enmarcan dentro de las siguientes categor\u00edas:<\/p>\n<ul>\n<li><strong>Capacitaci\u00f3n<\/strong>: cursos de estad\u00edstica, bioestad\u00edstica, R, SAS, SPSS, InfoStat, etc<\/li>\n<li><strong>Asesor\u00eda estad\u00edstica<\/strong>: peritajes, an\u00e1lisis de datos para tesis, seminarios, etc.<\/li>\n<li><strong>Auditor\u00eda ext<\/strong><strong>erna<\/strong>: evaluaci\u00f3n independiente (third party) en adquisiciones de software, evaluaci\u00f3n de proyectos, etc.<\/li>\n<li><strong>Desarrollo de c\u00f3digo<\/strong>:\u00a0implementaci\u00f3n de c\u00f3digo en R, SAS, Java, C, C++ o Python; optimizaci\u00f3n de aplicaciones.<\/li>\n<\/ul>\n<p>&nbsp;<\/p>\n<p><strong>Solicitudes de trabajo<\/strong><\/p>\n<p>Los trabajos que se soliciten deber\u00e1n seguir el siguiente procedimiento:<\/p>\n<ul>\n<li>Los interesados deber\u00e1n presentar por escrito el problema a estudiar junto a las tareas asociadas que AESPRO apoyar\u00eda.<\/li>\n<li>Con esta solicitud, las profesionales de AESPRO realizar\u00e1n una evaluaci\u00f3n de las horas de trabajo necesarias para alcanzar los objetivos y cumplir las tareas solicitadas.<\/li>\n<li>A continuaci\u00f3n se realizar\u00e1 una estimaci\u00f3n de los costos involucrados en la tarea, la disponibilidad horaria y los plazos de entrega.<\/li>\n<li>La ejecuci\u00f3n del trabajo se autorizar\u00e1 una vez llegado a acuerdo con los interesados del proyecto.<\/li>\n<\/ul>\n<p>&nbsp;<\/p>\n","protected":false},"excerpt":{"rendered":"<p>Los servicios que ofrece\u00a0AESPRO\u00a0se enmarcan dentro de las siguientes categor\u00edas: Capacitaci\u00f3n: cursos de estad\u00edstica, bioestad\u00edstica, R, SAS, SPSS, InfoStat, etc Asesor\u00eda estad\u00edstica: peritajes, an\u00e1lisis de datos para tesis, seminarios, etc. Auditor\u00eda externa: evaluaci\u00f3n independiente (third party) en adquisiciones de software, &hellip; <a href=\"https:\/\/aespro.cl\/?page_id=9\">Continuar leyendo <span class=\"meta-nav\">&rarr;<\/span><\/a><\/p>\n","protected":false},"author":1,"featured_media":0,"parent":0,"menu_order":0,"comment_status":"closed","ping_status":"closed","template":"","meta":[],"_links":{"self":[{"href":"https:\/\/aespro.cl\/index.php?rest_route=\/wp\/v2\/pages\/9"}],"collection":[{"href":"https:\/\/aespro.cl\/index.php?rest_route=\/wp\/v2\/pages"}],"about":[{"href":"https:\/\/aespro.cl\/index.php?rest_route=\/wp\/v2\/types\/page"}],"author":[{"embeddable":true,"href":"https:\/\/aespro.cl\/index.php?rest_route=\/wp\/v2\/users\/1"}],"replies":[{"embeddable":true,"href":"https:\/\/aespro.cl\/index.php?rest_route=%2Fwp%2Fv2%2Fcomments&post=9"}],"version-history":[{"count":0,"href":"https:\/\/aespro.cl\/index.php?rest_route=\/wp\/v2\/pages\/9\/revisions"}],"wp:attachment":[{"href":"https:\/\/aespro.cl\/index.php?rest_route=%2Fwp%2Fv2%2Fmedia&parent=9"}],"curies":[{"name":"wp","href":"https:\/\/api.w.org\/{rel}","templated":true}]}}