{"id":95,"date":"2012-08-15T21:44:37","date_gmt":"2012-08-16T01:44:37","guid":{"rendered":"http:\/\/www.ingeterm.net\/aespro-cl\/?page_id=95"},"modified":"2012-08-15T21:44:37","modified_gmt":"2012-08-16T01:44:37","slug":"r-project","status":"publish","type":"page","link":"https:\/\/aespro.cl\/?page_id=95","title":{"rendered":"\u00bfQue es R?"},"content":{"rendered":"<p>Durante la ultima d\u00e9cada, existe un momento en el que se cruza la academia y la industria, levantando el lenguaje de programaci\u00f3n R, que se convierte en la herramienta computacional m\u00e1s importante para an\u00e1lisis estad\u00edstico y visualizaci\u00f3n en la ciencia de datos. Alrederor del mundo, millones de estad\u00edsticos y cient\u00edficos de datos usamos R para resolver los problemas m\u00e1s desafiantes en las distintas areas, desde biologia computacional al marketing. R se ha convertido en el lenguaje de programaci\u00f3n m\u00e1s popular para ciencia de datos y una herramienta escencial para las compa\u00f1ias de finanzas y analisis, tales como Google, Facebook y LinkedIn.<\/p>\n<h2>Mira este video de 90 segundos para una introducci\u00f3n a R<\/h2>\n<p><iframe src=\"\/\/www.youtube.com\/embed\/TR2bHSJ_eck\" height=\"360\" width=\"640\" allowfullscreen=\"\" frameborder=\"0\"><\/iframe><\/p>\n<h3 lang=\"es\"><\/h3>\n<h3 id=\"firstHeading\" lang=\"es\">R (lenguaje de programaci\u00f3n)<\/h3>\n<p><b>R<\/b> es un lenguaje y entorno de programaci\u00f3n para <a title=\"An\u00e1lisis estad\u00edstico\" href=\"http:\/\/es.wikipedia.org\/wiki\/An%C3%A1lisis_estad%C3%ADstico\">an\u00e1lisis estad\u00edstico<\/a> y gr\u00e1fico.<\/p>\n<p>Se trata de un proyecto de <a title=\"Software libre\" href=\"http:\/\/es.wikipedia.org\/wiki\/Software_libre\">software libre<\/a>, resultado de la implementaci\u00f3n <a title=\"GNU\" href=\"http:\/\/es.wikipedia.org\/wiki\/GNU\">GNU<\/a> del premiado lenguaje S. R y <a title=\"S-Plus (a\u00fan no redactado)\" href=\"http:\/\/es.wikipedia.org\/w\/index.php?title=S-Plus&amp;action=edit&amp;redlink=1\">S-Plus<\/a> -versi\u00f3n comercial de S- son, probablemente, los dos lenguajes m\u00e1s utilizados en investigaci\u00f3n por la comunidad estad\u00edstica, siendo adem\u00e1s muy populares en el campo de la <a title=\"Biomedicina\" href=\"http:\/\/es.wikipedia.org\/wiki\/Biomedicina\">investigaci\u00f3n biom\u00e9dica<\/a>, la <a title=\"Bioinform\u00e1tica\" href=\"http:\/\/es.wikipedia.org\/wiki\/Bioinform%C3%A1tica\">bioinform\u00e1tica<\/a> y las <a title=\"Matem\u00e1ticas financieras\" href=\"http:\/\/es.wikipedia.org\/wiki\/Matem%C3%A1ticas_financieras\">matem\u00e1ticas financieras<\/a>. A esto contribuye la posibilidad de cargar diferentes bibliotecas o paquetes con finalidades espec\u00edficas de c\u00e1lculo o gr\u00e1fico.<\/p>\n<p>R se distribuye bajo la licencia <a title=\"Licencia p\u00fablica general de GNU\" href=\"http:\/\/es.wikipedia.org\/wiki\/Licencia_p%C3%BAblica_general_de_GNU\">GNU GPL<\/a> y est\u00e1 disponible para los <a title=\"Sistema operativo\" href=\"http:\/\/es.wikipedia.org\/wiki\/Sistema_operativo\">sistemas operativos<\/a> <a title=\"Microsoft Windows\" href=\"http:\/\/es.wikipedia.org\/wiki\/Microsoft_Windows\">Windows<\/a>, <a title=\"Apple Macintosh\" href=\"http:\/\/es.wikipedia.org\/wiki\/Apple_Macintosh\">Macintosh<\/a>, <a title=\"Unix\" href=\"http:\/\/es.wikipedia.org\/wiki\/Unix\">Unix<\/a> y <a title=\"GNU\/Linux\" href=\"http:\/\/es.wikipedia.org\/wiki\/GNU\/Linux\">GNU\/Linux<\/a>.<\/p>\n<h3>Caracteristicas<\/h3>\n<p>R proporciona un amplio abanico de herramientas estad\u00edsticas (modelos <a title=\"Modelo lineal\" href=\"http:\/\/es.wikipedia.org\/wiki\/Modelo_lineal\">lineales<\/a> y <a title=\"Modelo no lineal\" href=\"http:\/\/es.wikipedia.org\/wiki\/Modelo_no_lineal\">no lineales<\/a>, <a title=\"Contraste de hip\u00f3tesis\" href=\"http:\/\/es.wikipedia.org\/wiki\/Contraste_de_hip%C3%B3tesis\">tests estad\u00edsticos<\/a>, an\u00e1lisis de <a title=\"Series temporales\" href=\"http:\/\/es.wikipedia.org\/wiki\/Series_temporales\">series temporales<\/a>, algoritmos de <a title=\"Clasificaci\u00f3n\" href=\"http:\/\/es.wikipedia.org\/wiki\/Clasificaci%C3%B3n\">clasificaci\u00f3n<\/a> y <a title=\"Agrupamiento\" href=\"http:\/\/es.wikipedia.org\/wiki\/Agrupamiento\">agrupamiento<\/a>, etc.) y gr\u00e1ficas.<\/p>\n<p>Al igual que S, se trata de un lenguaje de programaci\u00f3n, lo que permite que los usuarios lo extiendan definiendo sus propias funciones. De hecho, gran parte de las funciones de R est\u00e1n escritas en el mismo R, aunque para algoritmos computacionalmente exigentes es posible desarrollar bibliotecas en <a title=\"Lenguaje de programaci\u00f3n C\" href=\"http:\/\/es.wikipedia.org\/wiki\/Lenguaje_de_programaci%C3%B3n_C\">C<\/a>, <a title=\"C++\" href=\"http:\/\/es.wikipedia.org\/wiki\/C%2B%2B\">C++<\/a> o <a title=\"Fortran\" href=\"http:\/\/es.wikipedia.org\/wiki\/Fortran\">Fortran<\/a> que se cargan din\u00e1micamente. Los usuarios m\u00e1s avanzados pueden tambi\u00e9n manipular los objetos de R directamente desde c\u00f3digo desarrollado en C. R tambi\u00e9n puede extenderse a trav\u00e9s de paquetes desarrollados por su comunidad de usuarios.<\/p>\n<p>R hereda de S su <a title=\"Orientaci\u00f3n a objetos\" href=\"http:\/\/es.wikipedia.org\/wiki\/Orientaci%C3%B3n_a_objetos\">orientaci\u00f3n a objetos<\/a>. La tarea de extender R se ve facilitada por su permisiva pol\u00edtica de <i>lexical scoping<\/i>.<sup id=\"cite_ref-4\"><a href=\"http:\/\/es.wikipedia.org\/wiki\/R_%28lenguaje_de_programaci%C3%B3n%29#cite_note-4\">4<\/a><\/sup><\/p>\n<p>Adem\u00e1s, R puede integrarse con distintas <a title=\"Bases de datos\" href=\"http:\/\/es.wikipedia.org\/wiki\/Bases_de_datos\">bases de datos<\/a> y existen bibliotecas que facilitan su utilizaci\u00f3n desde lenguajes de programaci\u00f3n interpretados como <a title=\"Perl\" href=\"http:\/\/es.wikipedia.org\/wiki\/Perl\">Perl<\/a> y <a title=\"Python\" href=\"http:\/\/es.wikipedia.org\/wiki\/Python\">Python<\/a>.<\/p>\n<p>Otra de las caracter\u00edsticas de R es su capacidad gr\u00e1fica, que permite generar gr\u00e1ficos con alta calidad. R posee su propio formato para la documentaci\u00f3n basado en <a title=\"LaTeX\" href=\"http:\/\/es.wikipedia.org\/wiki\/LaTeX\">LaTeX<\/a>.<\/p>\n<p>R tambi\u00e9n puede usarse como herramienta de <a title=\"C\u00e1lculo num\u00e9rico\" href=\"http:\/\/es.wikipedia.org\/wiki\/C%C3%A1lculo_num%C3%A9rico\">c\u00e1lculo num\u00e9rico<\/a>, campo en el que puede ser tan eficaz como otras herramientas espec\u00edficas tales como <a title=\"GNU Octave\" href=\"http:\/\/es.wikipedia.org\/wiki\/GNU_Octave\">GNU Octave<\/a> y su equivalente comercial, <a title=\"MATLAB\" href=\"http:\/\/es.wikipedia.org\/wiki\/MATLAB\">MATLAB<\/a>.<sup id=\"cite_ref-5\"><a href=\"http:\/\/es.wikipedia.org\/wiki\/R_%28lenguaje_de_programaci%C3%B3n%29#cite_note-5\">5<\/a><\/sup> Se ha desarrollado una interfaz, RWeka<sup id=\"cite_ref-6\"><a href=\"http:\/\/es.wikipedia.org\/wiki\/R_%28lenguaje_de_programaci%C3%B3n%29#cite_note-6\">6<\/a><\/sup> para interactuar con <a title=\"Weka (aprendizaje autom\u00e1tico)\" href=\"http:\/\/es.wikipedia.org\/wiki\/Weka_%28aprendizaje_autom%C3%A1tico%29\">Weka<\/a> que permite leer y escribir ficheros en el formato <i>arff<\/i> y enriquecer R con los algoritmos de <a title=\"Miner\u00eda de datos\" href=\"http:\/\/es.wikipedia.org\/wiki\/Miner%C3%ADa_de_datos\">miner\u00eda de datos<\/a> de dicha plataforma.<\/p>\n<h3>Documentaci\u00f3n en espa\u00f1ol<\/h3>\n<ul>\n<li><a href=\"http:\/\/cran.r-project.org\/doc\/contrib\/rdebuts_es.pdf\" rel=\"nofollow\">R para Principiantes<\/a>, la versi\u00f3n en espa\u00f1ol de <i>R for Beginners<\/i>, traducido por Jorge A. Ahumada (PDF).<\/li>\n<li><a href=\"http:\/\/cran.r-project.org\/doc\/contrib\/R-intro-1.1.0-espanol.1.pdf\" rel=\"nofollow\">Versi\u00f3n en espa\u00f1ol de <i>An Introduction to R<\/i><\/a> por Andr\u00e9s Gonz\u00e1lez y Silvia Gonz\u00e1lez (PDF).<\/li>\n<li><a href=\"http:\/\/knuth.uca.es\/moodle\/course\/view.php?id=37\" rel=\"nofollow\">Estad\u00edstica B\u00e1sica con R y R-Commander<\/a> (libro libre)<\/li>\n<li><a href=\"http:\/\/cran.r-project.org\/doc\/contrib\/grafi3.pdf\" rel=\"nofollow\">Gr\u00e1ficos Estad\u00edsticos con R<\/a> por Juan Carlos Correa y Nelfi Gonz\u00e1lez (PDF).<\/li>\n<li><a href=\"http:\/\/cran.r-project.org\/doc\/contrib\/Risk-Cartas-sobre-Estadistica.pdf\" rel=\"nofollow\">Cartas sobre Estad\u00edstica de la Revista Argentina de Bioingenier\u00eda<\/a> por Marcelo R. Risk (PDF).<\/li>\n<li><a href=\"http:\/\/cran.r-project.org\/doc\/contrib\/curso-R.Diaz-Uriarte.pdf\" rel=\"nofollow\">Introducci\u00f3n al uso y programaci\u00f3n del sistema estad\u00edstico R<\/a> por Ram\u00f3n D\u00edaz-Uriarte, transparencias preparadas para un curso de 16 horas sobre R, dirigido principalmente a bi\u00f3logos y especialistas en bioinform\u00e1tica (PDF).<\/li>\n<li><a href=\"https:\/\/stat.ethz.ch\/mailman\/listinfo\/r-help-es\" rel=\"nofollow\">Lista de correo R-help-es en espa\u00f1ol<\/a> Lista de correo oficial de R en espa\u00f1ol.<\/li>\n<\/ul>\n","protected":false},"excerpt":{"rendered":"<p>Durante la ultima d\u00e9cada, existe un momento en el que se cruza la academia y la industria, levantando el lenguaje de programaci\u00f3n R, que se convierte en la herramienta computacional m\u00e1s importante para an\u00e1lisis estad\u00edstico y visualizaci\u00f3n en la ciencia &hellip; <a href=\"https:\/\/aespro.cl\/?page_id=95\">Continuar leyendo <span class=\"meta-nav\">&rarr;<\/span><\/a><\/p>\n","protected":false},"author":1,"featured_media":0,"parent":111,"menu_order":0,"comment_status":"closed","ping_status":"closed","template":"onecolumn-page.php","meta":[],"_links":{"self":[{"href":"https:\/\/aespro.cl\/index.php?rest_route=\/wp\/v2\/pages\/95"}],"collection":[{"href":"https:\/\/aespro.cl\/index.php?rest_route=\/wp\/v2\/pages"}],"about":[{"href":"https:\/\/aespro.cl\/index.php?rest_route=\/wp\/v2\/types\/page"}],"author":[{"embeddable":true,"href":"https:\/\/aespro.cl\/index.php?rest_route=\/wp\/v2\/users\/1"}],"replies":[{"embeddable":true,"href":"https:\/\/aespro.cl\/index.php?rest_route=%2Fwp%2Fv2%2Fcomments&post=95"}],"version-history":[{"count":0,"href":"https:\/\/aespro.cl\/index.php?rest_route=\/wp\/v2\/pages\/95\/revisions"}],"up":[{"embeddable":true,"href":"https:\/\/aespro.cl\/index.php?rest_route=\/wp\/v2\/pages\/111"}],"wp:attachment":[{"href":"https:\/\/aespro.cl\/index.php?rest_route=%2Fwp%2Fv2%2Fmedia&parent=95"}],"curies":[{"name":"wp","href":"https:\/\/api.w.org\/{rel}","templated":true}]}}